{"id":186,"date":"2022-05-27T16:03:18","date_gmt":"2022-05-27T16:03:18","guid":{"rendered":"http:\/\/www.nammu.ca\/?page_id=186"},"modified":"2022-05-27T16:05:18","modified_gmt":"2022-05-27T16:05:18","slug":"a-propos-de-nous","status":"publish","type":"page","link":"https:\/\/www.nammu.ca\/index.php\/fr\/a-propos-de-nous\/","title":{"rendered":"\u00c0 propos de nous"},"content":{"rendered":"\t\t<div data-elementor-type=\"wp-page\" data-elementor-id=\"186\" class=\"elementor elementor-186\">\n\t\t\t\t\t\t<section class=\"elementor-section elementor-top-section elementor-element elementor-element-362e1541 elementor-section-boxed elementor-section-height-default elementor-section-height-default\" data-id=\"362e1541\" data-element_type=\"section\" data-settings=\"{&quot;background_background&quot;:&quot;classic&quot;}\">\n\t\t\t\t\t\t<div class=\"elementor-container elementor-column-gap-no\">\n\t\t\t\t\t<div class=\"elementor-column elementor-col-33 elementor-top-column elementor-element elementor-element-631adccd\" data-id=\"631adccd\" data-element_type=\"column\">\n\t\t\t<div class=\"elementor-widget-wrap elementor-element-populated\">\n\t\t\t\t\t\t<div class=\"elementor-element elementor-element-2dd13bc9 elementor-widget elementor-widget-heading\" data-id=\"2dd13bc9\" data-element_type=\"widget\" data-widget_type=\"heading.default\">\n\t\t\t\t<div class=\"elementor-widget-container\">\n\t\t\t\t\t<h2 class=\"elementor-heading-title elementor-size-default\">\u00c0 propos de nous<\/h2>\t\t\t\t<\/div>\n\t\t\t\t<\/div>\n\t\t\t\t<div class=\"elementor-element elementor-element-5c8b14 elementor-widget-divider--view-line elementor-widget elementor-widget-divider\" data-id=\"5c8b14\" data-element_type=\"widget\" data-widget_type=\"divider.default\">\n\t\t\t\t<div class=\"elementor-widget-container\">\n\t\t\t\t\t\t\t<div class=\"elementor-divider\">\n\t\t\t<span class=\"elementor-divider-separator\">\n\t\t\t\t\t\t<\/span>\n\t\t<\/div>\n\t\t\t\t\t\t<\/div>\n\t\t\t\t<\/div>\n\t\t\t\t\t<\/div>\n\t\t<\/div>\n\t\t\t\t<div class=\"elementor-column elementor-col-33 elementor-top-column elementor-element elementor-element-7061e59f\" data-id=\"7061e59f\" data-element_type=\"column\">\n\t\t\t<div class=\"elementor-widget-wrap elementor-element-populated\">\n\t\t\t\t\t\t\t<\/div>\n\t\t<\/div>\n\t\t\t\t<div class=\"elementor-column elementor-col-33 elementor-top-column elementor-element elementor-element-68c44a6b elementor-hidden-tablet elementor-hidden-phone\" data-id=\"68c44a6b\" data-element_type=\"column\">\n\t\t\t<div class=\"elementor-widget-wrap elementor-element-populated\">\n\t\t\t\t\t\t<div class=\"elementor-element elementor-element-33d91d61 elementor-view-default elementor-widget elementor-widget-icon\" data-id=\"33d91d61\" data-element_type=\"widget\" data-widget_type=\"icon.default\">\n\t\t\t\t<div class=\"elementor-widget-container\">\n\t\t\t\t\t\t\t<div class=\"elementor-icon-wrapper\">\n\t\t\t<div class=\"elementor-icon\">\n\t\t\t<i aria-hidden=\"true\" class=\"fas fa-star\"><\/i>\t\t\t<\/div>\n\t\t<\/div>\n\t\t\t\t\t\t<\/div>\n\t\t\t\t<\/div>\n\t\t\t\t\t<\/div>\n\t\t<\/div>\n\t\t\t\t\t<\/div>\n\t\t<\/section>\n\t\t\t\t<section class=\"elementor-section elementor-top-section elementor-element elementor-element-46d9ad9 elementor-section-boxed elementor-section-height-default elementor-section-height-default\" data-id=\"46d9ad9\" data-element_type=\"section\">\n\t\t\t\t\t\t<div class=\"elementor-container elementor-column-gap-default\">\n\t\t\t\t\t<div class=\"elementor-column elementor-col-100 elementor-top-column elementor-element elementor-element-7637828\" data-id=\"7637828\" data-element_type=\"column\">\n\t\t\t<div class=\"elementor-widget-wrap elementor-element-populated\">\n\t\t\t\t\t\t<div class=\"elementor-element elementor-element-2f12168 elementor-widget elementor-widget-spacer\" data-id=\"2f12168\" data-element_type=\"widget\" data-widget_type=\"spacer.default\">\n\t\t\t\t<div class=\"elementor-widget-container\">\n\t\t\t\t\t\t\t<div class=\"elementor-spacer\">\n\t\t\t<div class=\"elementor-spacer-inner\"><\/div>\n\t\t<\/div>\n\t\t\t\t\t\t<\/div>\n\t\t\t\t<\/div>\n\t\t\t\t<div class=\"elementor-element elementor-element-410dfee elementor-widget elementor-widget-heading\" data-id=\"410dfee\" data-element_type=\"widget\" data-widget_type=\"heading.default\">\n\t\t\t\t<div class=\"elementor-widget-container\">\n\t\t\t\t\t<h2 class=\"elementor-heading-title elementor-size-default\">Nos Valeurs &amp; Mission<\/h2>\t\t\t\t<\/div>\n\t\t\t\t<\/div>\n\t\t\t\t<div class=\"elementor-element elementor-element-ebf1d23 elementor-widget elementor-widget-spacer\" data-id=\"ebf1d23\" data-element_type=\"widget\" data-widget_type=\"spacer.default\">\n\t\t\t\t<div class=\"elementor-widget-container\">\n\t\t\t\t\t\t\t<div class=\"elementor-spacer\">\n\t\t\t<div class=\"elementor-spacer-inner\"><\/div>\n\t\t<\/div>\n\t\t\t\t\t\t<\/div>\n\t\t\t\t<\/div>\n\t\t\t\t\t<\/div>\n\t\t<\/div>\n\t\t\t\t\t<\/div>\n\t\t<\/section>\n\t\t\t\t<section class=\"elementor-section elementor-top-section elementor-element elementor-element-f629285 elementor-section-boxed elementor-section-height-default elementor-section-height-default\" data-id=\"f629285\" data-element_type=\"section\">\n\t\t\t\t\t\t<div class=\"elementor-container elementor-column-gap-default\">\n\t\t\t\t\t<div class=\"elementor-column elementor-col-50 elementor-top-column elementor-element elementor-element-f8fe2e9\" data-id=\"f8fe2e9\" data-element_type=\"column\">\n\t\t\t<div class=\"elementor-widget-wrap elementor-element-populated\">\n\t\t\t\t\t\t<div class=\"elementor-element elementor-element-a89bb7a elementor-widget elementor-widget-heading\" data-id=\"a89bb7a\" data-element_type=\"widget\" data-widget_type=\"heading.default\">\n\t\t\t\t<div class=\"elementor-widget-container\">\n\t\t\t\t\t<h2 class=\"elementor-heading-title elementor-size-default\">Vision<\/h2>\t\t\t\t<\/div>\n\t\t\t\t<\/div>\n\t\t\t\t<div class=\"elementor-element elementor-element-bb16699 elementor-widget elementor-widget-text-editor\" data-id=\"bb16699\" data-element_type=\"widget\" data-widget_type=\"text-editor.default\">\n\t\t\t\t<div class=\"elementor-widget-container\">\n\t\t\t\t\t\t\t\t\t<div id=\"wsb-element-0120bd1f-8d8e-4b92-9f69-b846ac1429ba\" class=\"wsb-element-text\" data-type=\"element\"><div class=\"txt \"><p>L&#8217;Association nationale des principaux utilisateurs de courrier (ANGUP) est une association nationale \u00e0 but non lucratif repr\u00e9sentant les entreprises actives dans l&#8217;industrie du courrier en tant qu&#8217;exp\u00e9diteurs, fournisseurs de services, de papier, d&#8217;enveloppes et d&#8217;\u00e9quipements. L&#8217;industrie, avec le bureau de poste, joue un r\u00f4le crucial dans le commerce du Canada en facilitant la pr\u00e9sentation des factures, l&#8217;acquisition et la croissance des clients et l&#8217;ex\u00e9cution des commandes.<\/p><\/div><\/div><div id=\"wsb-element-00000000-0000-0000-0000-000663099914\" class=\"wsb-element-image\" data-type=\"element\"><div class=\"wsb-image-inner \"><div class=\"img\">L&#8217;industrie du courrier est\u00a0estim\u00e9e\u00a0entre 74\u00a0milliards de dollars et 88\u00a0milliards de dollars, employant plus de 800\u00a0000\u00a0canadiens\u00a0dans toutes les provinces du Canada. Les alternatives \u00e9lectroniques et la substitution modifient le mod\u00e8le commercial des postes dans le monde entier. Les postes ont diversifi\u00e9 et ajust\u00e9 leur r\u00e9seau pour relever ce d\u00e9fi, mais pour les postes les plus prosp\u00e8res, le courrier continue de repr\u00e9senter une part importante de leur activit\u00e9. Ces Postes innovent autour du courrier et positionnent ce canal physique unique en compl\u00e9ment des nouveaux canaux num\u00e9riques. NAMMU travaille avec Postes Canada pour s&#8217;assurer que l&#8217;industrie postale canadienne est un chef de file mondial.<\/div><\/div><\/div><div id=\"wsb-element-b418a540-6568-4779-964b-27887648e001\" class=\"wsb-element-text\" data-type=\"element\"><div class=\"txt \">\u00a0<\/div><\/div>\t\t\t\t\t\t\t\t<\/div>\n\t\t\t\t<\/div>\n\t\t\t\t\t<\/div>\n\t\t<\/div>\n\t\t\t\t<div class=\"elementor-column elementor-col-50 elementor-top-column elementor-element elementor-element-762784f\" data-id=\"762784f\" data-element_type=\"column\">\n\t\t\t<div class=\"elementor-widget-wrap elementor-element-populated\">\n\t\t\t\t\t\t<div class=\"elementor-element elementor-element-db7c3fd elementor-widget elementor-widget-image\" data-id=\"db7c3fd\" data-element_type=\"widget\" data-widget_type=\"image.default\">\n\t\t\t\t<div class=\"elementor-widget-container\">\n\t\t\t\t\t\t\t\t\t\t\t\t\t\t\t<img fetchpriority=\"high\" decoding=\"async\" width=\"1024\" height=\"682\" src=\"https:\/\/www.nammu.ca\/wp-content\/uploads\/2022\/05\/mail-newsletter-home-1048452-1024x682.jpg\" class=\"attachment-large size-large wp-image-14\" alt=\"mail, newsletter, home-1048452.jpg\" srcset=\"https:\/\/www.nammu.ca\/wp-content\/uploads\/2022\/05\/mail-newsletter-home-1048452-1024x682.jpg 1024w, https:\/\/www.nammu.ca\/wp-content\/uploads\/2022\/05\/mail-newsletter-home-1048452-300x200.jpg 300w, https:\/\/www.nammu.ca\/wp-content\/uploads\/2022\/05\/mail-newsletter-home-1048452-768x512.jpg 768w, https:\/\/www.nammu.ca\/wp-content\/uploads\/2022\/05\/mail-newsletter-home-1048452.jpg 1280w\" sizes=\"(max-width: 1024px) 100vw, 1024px\" \/>\t\t\t\t\t\t\t\t\t\t\t\t\t\t\t<\/div>\n\t\t\t\t<\/div>\n\t\t\t\t<div class=\"elementor-element elementor-element-461b2ab elementor-widget elementor-widget-heading\" data-id=\"461b2ab\" data-element_type=\"widget\" data-widget_type=\"heading.default\">\n\t\t\t\t<div class=\"elementor-widget-container\">\n\t\t\t\t\t<h2 class=\"elementor-heading-title elementor-size-default\">Mission<\/h2>\t\t\t\t<\/div>\n\t\t\t\t<\/div>\n\t\t\t\t<div class=\"elementor-element elementor-element-2ac0508 elementor-widget elementor-widget-text-editor\" data-id=\"2ac0508\" data-element_type=\"widget\" data-widget_type=\"text-editor.default\">\n\t\t\t\t<div class=\"elementor-widget-container\">\n\t\t\t\t\t\t\t\t\t<p>Veiller \u00e0 ce que les Canadiens et les entreprises canadiennes aient acc\u00e8s \u00e0 un service postal fiable, abordable, efficace et durable. Notre principal objectif est de travailler en \u00e9troite collaboration avec Postes Canada sur les produits, les prix, les processus et les partenariats. NAMMU entretient une relation cordiale et productive avec Postes Canada.<\/p>\t\t\t\t\t\t\t\t<\/div>\n\t\t\t\t<\/div>\n\t\t\t\t\t<\/div>\n\t\t<\/div>\n\t\t\t\t\t<\/div>\n\t\t<\/section>\n\t\t\t\t<\/div>\n\t\t","protected":false},"excerpt":{"rendered":"<p>\u00c0 propos de nous Nos Valeurs &#038; Mission Vision L&#8217;Association nationale des principaux utilisateurs de courrier (ANGUP) est une association nationale \u00e0 but non lucratif repr\u00e9sentant les entreprises actives dans l&#8217;industrie du courrier en tant qu&#8217;exp\u00e9diteurs, fournisseurs de services, de papier, d&#8217;enveloppes et d&#8217;\u00e9quipements. L&#8217;industrie, avec le bureau de poste, joue un r\u00f4le crucial dans &hellip;<\/p>\n<p class=\"read-more\"> <a class=\"\" href=\"https:\/\/www.nammu.ca\/index.php\/fr\/a-propos-de-nous\/\"> <span class=\"screen-reader-text\">\u00c0 propos de nous<\/span> Read More &raquo;<\/a><\/p>\n","protected":false},"author":2,"featured_media":0,"parent":0,"menu_order":0,"comment_status":"closed","ping_status":"closed","template":"elementor_header_footer","meta":{"site-sidebar-layout":"no-sidebar","site-content-layout":"page-builder","ast-global-header-display":"","ast-main-header-display":"","ast-hfb-above-header-display":"","ast-hfb-below-header-display":"","ast-hfb-mobile-header-display":"","site-post-title":"disabled","ast-breadcrumbs-content":"","ast-featured-img":"disabled","footer-sml-layout":"","theme-transparent-header-meta":"","adv-header-id-meta":"","stick-header-meta":"","header-above-stick-meta":"","header-main-stick-meta":"","header-below-stick-meta":"","footnotes":""},"class_list":["post-186","page","type-page","status-publish","hentry"],"_links":{"self":[{"href":"https:\/\/www.nammu.ca\/index.php\/wp-json\/wp\/v2\/pages\/186","targetHints":{"allow":["GET"]}}],"collection":[{"href":"https:\/\/www.nammu.ca\/index.php\/wp-json\/wp\/v2\/pages"}],"about":[{"href":"https:\/\/www.nammu.ca\/index.php\/wp-json\/wp\/v2\/types\/page"}],"author":[{"embeddable":true,"href":"https:\/\/www.nammu.ca\/index.php\/wp-json\/wp\/v2\/users\/2"}],"replies":[{"embeddable":true,"href":"https:\/\/www.nammu.ca\/index.php\/wp-json\/wp\/v2\/comments?post=186"}],"version-history":[{"count":4,"href":"https:\/\/www.nammu.ca\/index.php\/wp-json\/wp\/v2\/pages\/186\/revisions"}],"predecessor-version":[{"id":190,"href":"https:\/\/www.nammu.ca\/index.php\/wp-json\/wp\/v2\/pages\/186\/revisions\/190"}],"wp:attachment":[{"href":"https:\/\/www.nammu.ca\/index.php\/wp-json\/wp\/v2\/media?parent=186"}],"curies":[{"name":"wp","href":"https:\/\/api.w.org\/{rel}","templated":true}]}}