{"id":191,"date":"2022-05-27T16:05:40","date_gmt":"2022-05-27T16:05:40","guid":{"rendered":"http:\/\/www.nammu.ca\/?page_id=191"},"modified":"2022-05-27T16:12:20","modified_gmt":"2022-05-27T16:12:20","slug":"avantages","status":"publish","type":"page","link":"https:\/\/www.nammu.ca\/index.php\/fr\/avantages\/","title":{"rendered":"Avantages"},"content":{"rendered":"\t\t<div data-elementor-type=\"wp-page\" data-elementor-id=\"191\" class=\"elementor elementor-191\">\n\t\t\t\t\t\t<section class=\"elementor-section elementor-top-section elementor-element elementor-element-118cbf4c elementor-section-boxed elementor-section-height-default elementor-section-height-default\" data-id=\"118cbf4c\" data-element_type=\"section\" data-settings=\"{&quot;background_background&quot;:&quot;classic&quot;}\">\n\t\t\t\t\t\t<div class=\"elementor-container elementor-column-gap-no\">\n\t\t\t\t\t<div class=\"elementor-column elementor-col-33 elementor-top-column elementor-element elementor-element-6cdfd233\" data-id=\"6cdfd233\" data-element_type=\"column\">\n\t\t\t<div class=\"elementor-widget-wrap elementor-element-populated\">\n\t\t\t\t\t\t<div class=\"elementor-element elementor-element-9016b3 elementor-widget elementor-widget-heading\" data-id=\"9016b3\" data-element_type=\"widget\" data-widget_type=\"heading.default\">\n\t\t\t\t<div class=\"elementor-widget-container\">\n\t\t\t\t\t<h2 class=\"elementor-heading-title elementor-size-default\">Avantages<\/h2>\t\t\t\t<\/div>\n\t\t\t\t<\/div>\n\t\t\t\t<div class=\"elementor-element elementor-element-360e4a11 elementor-widget-divider--view-line elementor-widget elementor-widget-divider\" data-id=\"360e4a11\" data-element_type=\"widget\" data-widget_type=\"divider.default\">\n\t\t\t\t<div class=\"elementor-widget-container\">\n\t\t\t\t\t\t\t<div class=\"elementor-divider\">\n\t\t\t<span class=\"elementor-divider-separator\">\n\t\t\t\t\t\t<\/span>\n\t\t<\/div>\n\t\t\t\t\t\t<\/div>\n\t\t\t\t<\/div>\n\t\t\t\t\t<\/div>\n\t\t<\/div>\n\t\t\t\t<div class=\"elementor-column elementor-col-33 elementor-top-column elementor-element elementor-element-2938c7a4\" data-id=\"2938c7a4\" data-element_type=\"column\">\n\t\t\t<div class=\"elementor-widget-wrap elementor-element-populated\">\n\t\t\t\t\t\t\t<\/div>\n\t\t<\/div>\n\t\t\t\t<div class=\"elementor-column elementor-col-33 elementor-top-column elementor-element elementor-element-1aa7c44a elementor-hidden-tablet elementor-hidden-phone\" data-id=\"1aa7c44a\" data-element_type=\"column\">\n\t\t\t<div class=\"elementor-widget-wrap elementor-element-populated\">\n\t\t\t\t\t\t<div class=\"elementor-element elementor-element-533f084 elementor-view-default elementor-widget elementor-widget-icon\" data-id=\"533f084\" data-element_type=\"widget\" data-widget_type=\"icon.default\">\n\t\t\t\t<div class=\"elementor-widget-container\">\n\t\t\t\t\t\t\t<div class=\"elementor-icon-wrapper\">\n\t\t\t<div class=\"elementor-icon\">\n\t\t\t<i aria-hidden=\"true\" class=\"fas fa-star\"><\/i>\t\t\t<\/div>\n\t\t<\/div>\n\t\t\t\t\t\t<\/div>\n\t\t\t\t<\/div>\n\t\t\t\t\t<\/div>\n\t\t<\/div>\n\t\t\t\t\t<\/div>\n\t\t<\/section>\n\t\t\t\t<section class=\"elementor-section elementor-top-section elementor-element elementor-element-08e6a98 elementor-section-boxed elementor-section-height-default elementor-section-height-default\" data-id=\"08e6a98\" data-element_type=\"section\">\n\t\t\t\t\t\t<div class=\"elementor-container elementor-column-gap-default\">\n\t\t\t\t\t<div class=\"elementor-column elementor-col-100 elementor-top-column elementor-element elementor-element-13e6d7d\" data-id=\"13e6d7d\" data-element_type=\"column\">\n\t\t\t<div class=\"elementor-widget-wrap elementor-element-populated\">\n\t\t\t\t\t\t<div class=\"elementor-element elementor-element-bfbe0ce elementor-widget elementor-widget-spacer\" data-id=\"bfbe0ce\" data-element_type=\"widget\" data-widget_type=\"spacer.default\">\n\t\t\t\t<div class=\"elementor-widget-container\">\n\t\t\t\t\t\t\t<div class=\"elementor-spacer\">\n\t\t\t<div class=\"elementor-spacer-inner\"><\/div>\n\t\t<\/div>\n\t\t\t\t\t\t<\/div>\n\t\t\t\t<\/div>\n\t\t\t\t\t<\/div>\n\t\t<\/div>\n\t\t\t\t\t<\/div>\n\t\t<\/section>\n\t\t\t\t<section class=\"elementor-section elementor-top-section elementor-element elementor-element-244a179 elementor-section-boxed elementor-section-height-default elementor-section-height-default\" data-id=\"244a179\" data-element_type=\"section\">\n\t\t\t\t\t\t<div class=\"elementor-container elementor-column-gap-default\">\n\t\t\t\t\t<div class=\"elementor-column elementor-col-50 elementor-top-column elementor-element elementor-element-f64d8ed\" data-id=\"f64d8ed\" data-element_type=\"column\">\n\t\t\t<div class=\"elementor-widget-wrap elementor-element-populated\">\n\t\t\t\t\t\t<div class=\"elementor-element elementor-element-f652f59 elementor-widget elementor-widget-heading\" data-id=\"f652f59\" data-element_type=\"widget\" data-widget_type=\"heading.default\">\n\t\t\t\t<div class=\"elementor-widget-container\">\n\t\t\t\t\t<h2 class=\"elementor-heading-title elementor-size-default\">Plates-formes cl\u00e9s<\/h2>\t\t\t\t<\/div>\n\t\t\t\t<\/div>\n\t\t\t\t<div class=\"elementor-element elementor-element-3a0866d elementor-widget elementor-widget-text-editor\" data-id=\"3a0866d\" data-element_type=\"widget\" data-widget_type=\"text-editor.default\">\n\t\t\t\t<div class=\"elementor-widget-container\">\n\t\t\t\t\t\t\t\t\t<ul><li>Promouvoir la valeur du courrier et de l&#8217;industrie du courrier<\/li><li>Consultation avec Postes Canada sur une gamme de questions, y compris le produit, le prix, les sp\u00e9cifications d&#8217;envoi et le processus pour am\u00e9liorer la comp\u00e9titivit\u00e9 du canal du courrier<\/li><li>L&#8217;\u00e9ducation en tant que proposition de valeur unique du courrier physique et son ad\u00e9quation avec le num\u00e9rique pour un \u00e9ventail de parties prenantes, y compris les universit\u00e9s et coll\u00e8ges, les entreprises et les agences<\/li><li>Communiquer et informer l&#8217;industrie sur les meilleures pratiques, les nouvelles innovations et les changements \u00e0 venir lors de r\u00e9unions de chapitres locaux tout au long de l&#8217;ann\u00e9e<\/li><li>Identifiez et g\u00e9rez les probl\u00e8mes qui ont un impact sur le mouvement transparent des \u00e9l\u00e9ments dans le flux de courrier<\/li><li>Construire une communaut\u00e9 de participants de l&#8217;industrie pour le partage des connaissances, des capacit\u00e9s et des meilleures pratiques<\/li><\/ul>\t\t\t\t\t\t\t\t<\/div>\n\t\t\t\t<\/div>\n\t\t\t\t\t<\/div>\n\t\t<\/div>\n\t\t\t\t<div class=\"elementor-column elementor-col-50 elementor-top-column elementor-element elementor-element-8e9f4ab\" data-id=\"8e9f4ab\" data-element_type=\"column\">\n\t\t\t<div class=\"elementor-widget-wrap elementor-element-populated\">\n\t\t\t\t\t\t<div class=\"elementor-element elementor-element-4c83041 elementor-widget elementor-widget-heading\" data-id=\"4c83041\" data-element_type=\"widget\" data-widget_type=\"heading.default\">\n\t\t\t\t<div class=\"elementor-widget-container\">\n\t\t\t\t\t<h2 class=\"elementor-heading-title elementor-size-default\">Notre association en bref<\/h2>\t\t\t\t<\/div>\n\t\t\t\t<\/div>\n\t\t\t\t<div class=\"elementor-element elementor-element-0014a14 elementor-widget elementor-widget-text-editor\" data-id=\"0014a14\" data-element_type=\"widget\" data-widget_type=\"text-editor.default\">\n\t\t\t\t<div class=\"elementor-widget-container\">\n\t\t\t\t\t\t\t\t\t<p>Association nationale des principaux utilisateurs de messagerie : chez ANGUP, nous nous engageons \u00e0 faire en sorte que le courrier continue d&#8217;\u00eatre un m\u00e9dia pertinent dans le paysage publicitaire. Par l&#8217;interm\u00e9diaire de nos comit\u00e9s d&#8217;innovation et d&#8217;\u00e9ducation, nous aidons Postes Canada \u00e0 \u00ab repousser les limites \u00bb en mati\u00e8re d&#8217;utilisations cr\u00e9atives du courrier.<\/p>\t\t\t\t\t\t\t\t<\/div>\n\t\t\t\t<\/div>\n\t\t\t\t<div class=\"elementor-element elementor-element-c407a90 elementor-widget elementor-widget-heading\" data-id=\"c407a90\" data-element_type=\"widget\" data-widget_type=\"heading.default\">\n\t\t\t\t<div class=\"elementor-widget-container\">\n\t\t\t\t\t<h2 class=\"elementor-heading-title elementor-size-default\">Avantages dont vous profiterez<\/h2>\t\t\t\t<\/div>\n\t\t\t\t<\/div>\n\t\t\t\t<div class=\"elementor-element elementor-element-212392f elementor-widget elementor-widget-text-editor\" data-id=\"212392f\" data-element_type=\"widget\" data-widget_type=\"text-editor.default\">\n\t\t\t\t<div class=\"elementor-widget-container\">\n\t\t\t\t\t\t\t\t\t<ul><li>Acc\u00e8s aux groupes r\u00e9serv\u00e9s aux membres sur LinkedIn<\/li><li>Acc\u00e8s au contenu r\u00e9serv\u00e9 aux membres sur le blog ANGUP<\/li><li>Rencontres r\u00e9guli\u00e8res avec les dirigeants de Postes Canada pour discuter d&#8217;enjeux et d&#8217;id\u00e9es<\/li><li>Possibilit\u00e9 de se joindre \u00e0 des comit\u00e9s pour aider \u00e0 am\u00e9liorer le syst\u00e8me postal<\/li><li>Opportunit\u00e9s de r\u00e9seautage avec des experts de l&#8217;industrie dans divers domaines<\/li><li>Aper\u00e7u des tendances \u00e0 venir sur le march\u00e9<\/li><li>Forum pour apporter des questions et des id\u00e9es \u00e0 la table<\/li><\/ul>\t\t\t\t\t\t\t\t<\/div>\n\t\t\t\t<\/div>\n\t\t\t\t\t<\/div>\n\t\t<\/div>\n\t\t\t\t\t<\/div>\n\t\t<\/section>\n\t\t\t\t<section class=\"elementor-section elementor-top-section elementor-element elementor-element-4a9680a elementor-section-boxed elementor-section-height-default elementor-section-height-default\" data-id=\"4a9680a\" data-element_type=\"section\">\n\t\t\t\t\t\t<div class=\"elementor-container elementor-column-gap-default\">\n\t\t\t\t\t<div class=\"elementor-column elementor-col-100 elementor-top-column elementor-element elementor-element-f51e56b\" data-id=\"f51e56b\" data-element_type=\"column\">\n\t\t\t<div class=\"elementor-widget-wrap elementor-element-populated\">\n\t\t\t\t\t\t<div class=\"elementor-element elementor-element-f2d97c8 elementor-widget elementor-widget-heading\" data-id=\"f2d97c8\" data-element_type=\"widget\" data-widget_type=\"heading.default\">\n\t\t\t\t<div class=\"elementor-widget-container\">\n\t\t\t\t\t<h2 class=\"elementor-heading-title elementor-size-default\">\u00c0 nos membres<\/h2>\t\t\t\t<\/div>\n\t\t\t\t<\/div>\n\t\t\t\t\t<\/div>\n\t\t<\/div>\n\t\t\t\t\t<\/div>\n\t\t<\/section>\n\t\t\t\t<section class=\"elementor-section elementor-top-section elementor-element elementor-element-9ee58b4 elementor-section-boxed elementor-section-height-default elementor-section-height-default\" data-id=\"9ee58b4\" data-element_type=\"section\">\n\t\t\t\t\t\t<div class=\"elementor-container elementor-column-gap-default\">\n\t\t\t\t\t<div class=\"elementor-column elementor-col-100 elementor-top-column elementor-element elementor-element-71543e3\" data-id=\"71543e3\" data-element_type=\"column\">\n\t\t\t<div class=\"elementor-widget-wrap elementor-element-populated\">\n\t\t\t\t\t\t<div class=\"elementor-element elementor-element-c6aa8c1 elementor-widget elementor-widget-text-editor\" data-id=\"c6aa8c1\" data-element_type=\"widget\" data-widget_type=\"text-editor.default\">\n\t\t\t\t<div class=\"elementor-widget-container\">\n\t\t\t\t\t\t\t\t\t<p>\u00c0 nos membres:<br \/>\u00a0<br \/>Le gouvernement de l&#8217;Ontario exigeant que tous les lieux de travail non essentiels ferment pendant deux semaines \u00e0 partir de minuit ce soir, o\u00f9 se situe l&#8217;industrie de l&#8217;impression et du courrier? NAMMU a examin\u00e9 les conditions actuelles et fournit la mise \u00e0 jour suivante \u00e0 ses membres. Veuillez noter que ces informations ne sont pas destin\u00e9es \u00e0 fournir des conseils juridiques et que les municipalit\u00e9s peuvent avoir des r\u00e8gles plus strictes que la province.<br \/><br \/>La liste des lieux de travail essentiels comprend les \u00e9l\u00e9ments suivants, tir\u00e9s du site Web du gouvernement de l&#8217;Ontario au 24 mars 2020:<br \/><br \/>Des cha\u00eenes d&#8217;approvisionnement:<br \/>1. Les entreprises qui fournissent \u00e0 d&#8217;autres entreprises ou services essentiels le soutien, les fournitures, les syst\u00e8mes ou les services, y compris la transformation, l&#8217;emballage, la distribution, la livraison et la maintenance n\u00e9cessaires au fonctionnement;<br \/><br \/>Manufacturing and Production:<br \/>20. Businesses, facilities and services that support and facilitate the two- way movement of essential goods within integrated North American and Global supply chains;<br \/><br \/>Autres entreprises:<br \/>63. Entreprises fournissant des services d&#8217;envoi postal, d&#8217;exp\u00e9dition, de messagerie et de livraison, y compris des bo\u00eetes postales;<br \/>(Gouvernement de l&#8217;Ontario, 24 mars 2020)<br \/><br \/>De plus, la lettre suivante a \u00e9t\u00e9 publi\u00e9e par le United States Postal Service le 23 mars 2020:<br \/><br \/>Cette lettre vise \u00e0 fournir des informations concernant les fonctions exerc\u00e9es par l&#8217;industrie du courrier et de l&#8217;imprimerie \u00e0 l&#8217;appui des services gouvernementaux essentiels fournis par le United States Postal Service au peuple am\u00e9ricain.<\/p><p>&#8230;&#8230;<\/p><p><em>Postal and shipping workers, including those in the private sector, are also considered essential critical infrastructure workers\u201d and that \u201csuch industries have a special responsibility to maintain normal work schedules.<br \/><br \/>The functioning of the postal system depends critically on the mailing and printing industry. Members of the mailing and printing industry work with the public and private sector to create, print, and enter essential mail into the postal system. The industry also serves a vital role in ensuring that packages are able to be efficiently shipped from sender to recipient.<br \/><br \/>Therefore, the Postal Service considers that the continued operations of the mailing and printing industry in enabling the delivery of critical mail and packages is vital to the Postal Service\u2019s continued performance of its essential functions.<br \/><\/em><\/p><p><em><br \/>(USPS, March 23, 2020)<\/em><\/p><p>La livraison du courrier et des colis est un moyen de communication essentiel. Il ressort clairement de la liste du gouvernement de l&#8217;Ontario et de la lettre de l&#8217;USPS que l&#8217;impression et le courrier sont des services essentiels et que les lieux de travail peuvent rester op\u00e9rationnels.<br \/><br \/>Nous savons que la s\u00fbret\u00e9 et la s\u00e9curit\u00e9 de votre personnel sont d&#8217;une importance capitale et chaque entreprise doit prendre les meilleures d\u00e9cisions possibles dans ces circonstances sans pr\u00e9c\u00e9dent. Si votre organisation continuera \u00e0 fournir des services essentiels au cours des deux prochaines semaines, il est essentiel de veiller \u00e0 ce que toutes les pr\u00e9cautions de sant\u00e9 et de s\u00e9curit\u00e9 soient prises pour \u00e9viter une exposition potentielle de vos employ\u00e9s au virus. Il existe de nombreuses ressources disponibles pour les entreprises, mais celle-ci de la ville de Toronto offre un excellent aper\u00e7u des exigences pour les lieux de travail non li\u00e9s aux soins de sant\u00e9.<br \/><br \/><a href=\"https:\/\/mcusercontent.com\/c48b4a7418ca93bf84d68cc17\/files\/8fe9464f-8bd2-4389-aa65-65fc1bd98d0a\/9538_Fact_Sheet_for_Workplaces_Non_Healthcare_final.pdf\" target=\"\">FICHE D&#8217;INFORMATION POUR LES R\u00c9GLAGES NON SANT\u00c9<\/a><br \/><br \/>NAMMU continuera de mettre \u00e0 jour les membres avec les informations pertinentes d\u00e8s qu&#8217;elles seront disponibles. Notre directeur g\u00e9n\u00e9ral, Patrick Bartlett, est disponible par courriel \u00e0 Patrick.bartlett@nammu.ca pour de plus amples informations.<br \/><br \/>Restez en s\u00e9curit\u00e9!<br \/>ANGUP<\/p>\t\t\t\t\t\t\t\t<\/div>\n\t\t\t\t<\/div>\n\t\t\t\t\t<\/div>\n\t\t<\/div>\n\t\t\t\t\t<\/div>\n\t\t<\/section>\n\t\t\t\t<\/div>\n\t\t","protected":false},"excerpt":{"rendered":"<p>Avantages Plates-formes cl\u00e9s Promouvoir la valeur du courrier et de l&#8217;industrie du courrier Consultation avec Postes Canada sur une gamme de questions, y compris le produit, le prix, les sp\u00e9cifications d&#8217;envoi et le processus pour am\u00e9liorer la comp\u00e9titivit\u00e9 du canal du courrier L&#8217;\u00e9ducation en tant que proposition de valeur unique du courrier physique et son &hellip;<\/p>\n<p class=\"read-more\"> <a class=\"\" href=\"https:\/\/www.nammu.ca\/index.php\/fr\/avantages\/\"> <span class=\"screen-reader-text\">Avantages<\/span> Read More &raquo;<\/a><\/p>\n","protected":false},"author":2,"featured_media":0,"parent":0,"menu_order":0,"comment_status":"closed","ping_status":"closed","template":"elementor_header_footer","meta":{"site-sidebar-layout":"no-sidebar","site-content-layout":"page-builder","ast-global-header-display":"","ast-main-header-display":"","ast-hfb-above-header-display":"","ast-hfb-below-header-display":"","ast-hfb-mobile-header-display":"","site-post-title":"disabled","ast-breadcrumbs-content":"","ast-featured-img":"disabled","footer-sml-layout":"","theme-transparent-header-meta":"","adv-header-id-meta":"","stick-header-meta":"","header-above-stick-meta":"","header-main-stick-meta":"","header-below-stick-meta":"","footnotes":""},"class_list":["post-191","page","type-page","status-publish","hentry"],"_links":{"self":[{"href":"https:\/\/www.nammu.ca\/index.php\/wp-json\/wp\/v2\/pages\/191","targetHints":{"allow":["GET"]}}],"collection":[{"href":"https:\/\/www.nammu.ca\/index.php\/wp-json\/wp\/v2\/pages"}],"about":[{"href":"https:\/\/www.nammu.ca\/index.php\/wp-json\/wp\/v2\/types\/page"}],"author":[{"embeddable":true,"href":"https:\/\/www.nammu.ca\/index.php\/wp-json\/wp\/v2\/users\/2"}],"replies":[{"embeddable":true,"href":"https:\/\/www.nammu.ca\/index.php\/wp-json\/wp\/v2\/comments?post=191"}],"version-history":[{"count":4,"href":"https:\/\/www.nammu.ca\/index.php\/wp-json\/wp\/v2\/pages\/191\/revisions"}],"predecessor-version":[{"id":195,"href":"https:\/\/www.nammu.ca\/index.php\/wp-json\/wp\/v2\/pages\/191\/revisions\/195"}],"wp:attachment":[{"href":"https:\/\/www.nammu.ca\/index.php\/wp-json\/wp\/v2\/media?parent=191"}],"curies":[{"name":"wp","href":"https:\/\/api.w.org\/{rel}","templated":true}]}}