{"id":204,"date":"2022-05-27T16:20:44","date_gmt":"2022-05-27T16:20:44","guid":{"rendered":"http:\/\/www.nammu.ca\/?page_id=204"},"modified":"2022-05-27T16:22:43","modified_gmt":"2022-05-27T16:22:43","slug":"annuaire","status":"publish","type":"page","link":"https:\/\/www.nammu.ca\/index.php\/fr\/annuaire\/","title":{"rendered":"Annuaire"},"content":{"rendered":"\t\t<div data-elementor-type=\"wp-page\" data-elementor-id=\"204\" class=\"elementor elementor-204\">\n\t\t\t\t\t\t<section class=\"elementor-section elementor-top-section elementor-element elementor-element-egwb3ps elementor-section-boxed elementor-section-height-default elementor-section-height-default\" data-id=\"egwb3ps\" data-element_type=\"section\" data-settings=\"{&quot;background_background&quot;:&quot;classic&quot;}\">\n\t\t\t\t\t\t<div class=\"elementor-container elementor-column-gap-no\">\n\t\t\t\t\t<div class=\"elementor-column elementor-col-33 elementor-top-column elementor-element elementor-element-8a64f6a\" data-id=\"8a64f6a\" data-element_type=\"column\">\n\t\t\t<div class=\"elementor-widget-wrap elementor-element-populated\">\n\t\t\t\t\t\t<div class=\"elementor-element elementor-element-ec06358 elementor-widget elementor-widget-heading\" data-id=\"ec06358\" data-element_type=\"widget\" data-widget_type=\"heading.default\">\n\t\t\t\t<div class=\"elementor-widget-container\">\n\t\t\t\t\t<h2 class=\"elementor-heading-title elementor-size-default\">Annuaire des membres<\/h2>\t\t\t\t<\/div>\n\t\t\t\t<\/div>\n\t\t\t\t<div class=\"elementor-element elementor-element-8e8fe3d elementor-widget-divider--view-line elementor-widget elementor-widget-divider\" data-id=\"8e8fe3d\" data-element_type=\"widget\" data-widget_type=\"divider.default\">\n\t\t\t\t<div class=\"elementor-widget-container\">\n\t\t\t\t\t\t\t<div class=\"elementor-divider\">\n\t\t\t<span class=\"elementor-divider-separator\">\n\t\t\t\t\t\t<\/span>\n\t\t<\/div>\n\t\t\t\t\t\t<\/div>\n\t\t\t\t<\/div>\n\t\t\t\t\t<\/div>\n\t\t<\/div>\n\t\t\t\t<div class=\"elementor-column elementor-col-33 elementor-top-column elementor-element elementor-element-7d740e3\" data-id=\"7d740e3\" data-element_type=\"column\">\n\t\t\t<div class=\"elementor-widget-wrap elementor-element-populated\">\n\t\t\t\t\t\t\t<\/div>\n\t\t<\/div>\n\t\t\t\t<div class=\"elementor-column elementor-col-33 elementor-top-column elementor-element elementor-element-3e17184 elementor-hidden-tablet elementor-hidden-phone\" data-id=\"3e17184\" data-element_type=\"column\">\n\t\t\t<div class=\"elementor-widget-wrap elementor-element-populated\">\n\t\t\t\t\t\t<div class=\"elementor-element elementor-element-eeb2997 elementor-view-default elementor-widget elementor-widget-icon\" data-id=\"eeb2997\" data-element_type=\"widget\" data-widget_type=\"icon.default\">\n\t\t\t\t<div class=\"elementor-widget-container\">\n\t\t\t\t\t\t\t<div class=\"elementor-icon-wrapper\">\n\t\t\t<div class=\"elementor-icon\">\n\t\t\t<i aria-hidden=\"true\" class=\"fas fa-star\"><\/i>\t\t\t<\/div>\n\t\t<\/div>\n\t\t\t\t\t\t<\/div>\n\t\t\t\t<\/div>\n\t\t\t\t\t<\/div>\n\t\t<\/div>\n\t\t\t\t\t<\/div>\n\t\t<\/section>\n\t\t\t\t<section class=\"elementor-section elementor-top-section elementor-element elementor-element-505jzrj elementor-section-content-middle elementor-section-boxed elementor-section-height-default elementor-section-height-default\" data-id=\"505jzrj\" data-element_type=\"section\" data-settings=\"{&quot;background_background&quot;:&quot;classic&quot;}\">\n\t\t\t\t\t\t\t<div class=\"elementor-background-overlay\"><\/div>\n\t\t\t\t\t\t\t<div class=\"elementor-container elementor-column-gap-extended\">\n\t\t\t\t\t<div class=\"elementor-column elementor-col-50 elementor-top-column elementor-element elementor-element-8a2eb3b\" data-id=\"8a2eb3b\" data-element_type=\"column\">\n\t\t\t<div class=\"elementor-widget-wrap elementor-element-populated\">\n\t\t\t\t\t\t<div class=\"elementor-element elementor-element-379c400 elementor-widget elementor-widget-heading\" data-id=\"379c400\" data-element_type=\"widget\" data-widget_type=\"heading.default\">\n\t\t\t\t<div class=\"elementor-widget-container\">\n\t\t\t\t\t<h3 class=\"elementor-heading-title elementor-size-default\">Direct Marketing\n<\/h3>\t\t\t\t<\/div>\n\t\t\t\t<\/div>\n\t\t\t\t<div class=\"elementor-element elementor-element-3736791 elementor-widget elementor-widget-text-editor\" data-id=\"3736791\" data-element_type=\"widget\" data-widget_type=\"text-editor.default\">\n\t\t\t\t<div class=\"elementor-widget-container\">\n\t\t\t\t\t\t\t\t\t<p>Direct Marketing est la principale publication canadienne sur le marketing interactif et les ventes. Plus de 20 000 cadres lisent Direct Marketing pour savoir comment am\u00e9liorer leurs taux de r\u00e9ussite en marketing multicanal. Apprenez-en plus et interagissez avec le marketing direct sur www.dmn.ca<\/p>\t\t\t\t\t\t\t\t<\/div>\n\t\t\t\t<\/div>\n\t\t\t\t\t<\/div>\n\t\t<\/div>\n\t\t\t\t<div class=\"elementor-column elementor-col-50 elementor-top-column elementor-element elementor-element-771a94e\" data-id=\"771a94e\" data-element_type=\"column\">\n\t\t\t<div class=\"elementor-widget-wrap elementor-element-populated\">\n\t\t\t\t\t\t<div class=\"elementor-element elementor-element-22631ac elementor-widget elementor-widget-heading\" data-id=\"22631ac\" data-element_type=\"widget\" data-widget_type=\"heading.default\">\n\t\t\t\t<div class=\"elementor-widget-container\">\n\t\t\t\t\t<h3 class=\"elementor-heading-title elementor-size-default\">Supremex<\/h3>\t\t\t\t<\/div>\n\t\t\t\t<\/div>\n\t\t\t\t<div class=\"elementor-element elementor-element-0b20dab elementor-widget elementor-widget-text-editor\" data-id=\"0b20dab\" data-element_type=\"widget\" data-widget_type=\"text-editor.default\">\n\t\t\t\t<div class=\"elementor-widget-container\">\n\t\t\t\t\t\t\t\t\t<p>Supremex fournit des enveloppes en stock et fabriqu\u00e9es sur mesure aux clients canadiens et am\u00e9ricains des secteurs priv\u00e9 et public. En tant que leader du march\u00e9, nous avons les employ\u00e9s les plus comp\u00e9tents et les plus comp\u00e9tents de l&#8217;industrie. Nous avons fait nos preuves en mati\u00e8re d&#8217;innovation, produisant de tout, de la plus petite enveloppe de pi\u00e8ces aux enveloppes g\u00e9antes.<\/p><p>Jessica Craig<br \/>Responsable Marketing<br \/>400, promenade Humberline, Etobicoke (Ontario) M9W 5T3<br \/>Bureau\u00a0:\u00a0416-848-8353<\/p>\t\t\t\t\t\t\t\t<\/div>\n\t\t\t\t<\/div>\n\t\t\t\t\t<\/div>\n\t\t<\/div>\n\t\t\t\t\t<\/div>\n\t\t<\/section>\n\t\t\t\t<section class=\"elementor-section elementor-top-section elementor-element elementor-element-7f86e99 elementor-section-boxed elementor-section-height-default elementor-section-height-default\" data-id=\"7f86e99\" data-element_type=\"section\">\n\t\t\t\t\t\t<div class=\"elementor-container elementor-column-gap-default\">\n\t\t\t\t\t<div class=\"elementor-column elementor-col-100 elementor-top-column elementor-element elementor-element-70960be\" data-id=\"70960be\" data-element_type=\"column\">\n\t\t\t<div class=\"elementor-widget-wrap elementor-element-populated\">\n\t\t\t\t\t\t<div class=\"elementor-element elementor-element-8067a8d elementor-widget elementor-widget-heading\" data-id=\"8067a8d\" data-element_type=\"widget\" data-widget_type=\"heading.default\">\n\t\t\t\t<div class=\"elementor-widget-container\">\n\t\t\t\t\t<h2 class=\"elementor-heading-title elementor-size-default\">Key Contact<\/h2>\t\t\t\t<\/div>\n\t\t\t\t<\/div>\n\t\t\t\t<div class=\"elementor-element elementor-element-008108f elementor-widget elementor-widget-text-editor\" data-id=\"008108f\" data-element_type=\"widget\" data-widget_type=\"text-editor.default\">\n\t\t\t\t<div class=\"elementor-widget-container\">\n\t\t\t\t\t\t\t\t\t<p>Key Contact est une soci\u00e9t\u00e9 de communication enti\u00e8rement int\u00e9gr\u00e9e, offrant des services de gestion de donn\u00e9es, de traitement des commandes, de courrier, de centre d&#8217;appels et de gestion des installations de salle de courrier et est un leader international dans le domaine du marketing direct depuis plus de 38 ans. L&#8217;excellence du service \u00e0 la client\u00e8le et la technologie de pointe donnent \u00e0 KeyContact des syst\u00e8mes sup\u00e9rieurs pour fournir des solutions de marketing direct \u00e0 guichet unique.<\/p><p>\u00ab Notre mission, chez KeyContact, est de construire des relations durables en fournissant<br \/>solutions de marketing direct d&#8217;une mani\u00e8re qui d\u00e9passe les attentes des clients.<br \/>\u2013Wanda McKay, pr\u00e9sidente<\/p><p>Key Contact:<br \/>555 Admiral Drive, Londres<br \/>ON\u00a0N5V\u00a04L4<br \/>Sans frais : 1-800-632-3568<\/p><p>Courriel: solutions@keycontact.com<\/p><p>www.keycontact.com<\/p>\t\t\t\t\t\t\t\t<\/div>\n\t\t\t\t<\/div>\n\t\t\t\t\t<\/div>\n\t\t<\/div>\n\t\t\t\t\t<\/div>\n\t\t<\/section>\n\t\t\t\t<\/div>\n\t\t","protected":false},"excerpt":{"rendered":"<p>Annuaire des membres Direct Marketing Direct Marketing est la principale publication canadienne sur le marketing interactif et les ventes. Plus de 20 000 cadres lisent Direct Marketing pour savoir comment am\u00e9liorer leurs taux de r\u00e9ussite en marketing multicanal. Apprenez-en plus et interagissez avec le marketing direct sur www.dmn.ca Supremex Supremex fournit des enveloppes en stock &hellip;<\/p>\n<p class=\"read-more\"> <a class=\"\" href=\"https:\/\/www.nammu.ca\/index.php\/fr\/annuaire\/\"> <span class=\"screen-reader-text\">Annuaire<\/span> Read More &raquo;<\/a><\/p>\n","protected":false},"author":2,"featured_media":0,"parent":0,"menu_order":0,"comment_status":"closed","ping_status":"closed","template":"","meta":{"site-sidebar-layout":"no-sidebar","site-content-layout":"page-builder","ast-global-header-display":"","ast-main-header-display":"","ast-hfb-above-header-display":"","ast-hfb-below-header-display":"","ast-hfb-mobile-header-display":"","site-post-title":"disabled","ast-breadcrumbs-content":"","ast-featured-img":"disabled","footer-sml-layout":"","theme-transparent-header-meta":"","adv-header-id-meta":"","stick-header-meta":"","header-above-stick-meta":"","header-main-stick-meta":"","header-below-stick-meta":"","footnotes":""},"class_list":["post-204","page","type-page","status-publish","hentry"],"_links":{"self":[{"href":"https:\/\/www.nammu.ca\/index.php\/wp-json\/wp\/v2\/pages\/204","targetHints":{"allow":["GET"]}}],"collection":[{"href":"https:\/\/www.nammu.ca\/index.php\/wp-json\/wp\/v2\/pages"}],"about":[{"href":"https:\/\/www.nammu.ca\/index.php\/wp-json\/wp\/v2\/types\/page"}],"author":[{"embeddable":true,"href":"https:\/\/www.nammu.ca\/index.php\/wp-json\/wp\/v2\/users\/2"}],"replies":[{"embeddable":true,"href":"https:\/\/www.nammu.ca\/index.php\/wp-json\/wp\/v2\/comments?post=204"}],"version-history":[{"count":4,"href":"https:\/\/www.nammu.ca\/index.php\/wp-json\/wp\/v2\/pages\/204\/revisions"}],"predecessor-version":[{"id":208,"href":"https:\/\/www.nammu.ca\/index.php\/wp-json\/wp\/v2\/pages\/204\/revisions\/208"}],"wp:attachment":[{"href":"https:\/\/www.nammu.ca\/index.php\/wp-json\/wp\/v2\/media?parent=204"}],"curies":[{"name":"wp","href":"https:\/\/api.w.org\/{rel}","templated":true}]}}